{"id":89,"date":"2024-07-19T17:01:58","date_gmt":"2024-07-19T17:01:58","guid":{"rendered":"https:\/\/smssaltillo.mx\/?page_id=89"},"modified":"2024-08-02T18:37:41","modified_gmt":"2024-08-02T18:37:41","slug":"nosotros","status":"publish","type":"page","link":"https:\/\/smssaltillo.mx\/index.php\/nosotros\/","title":{"rendered":"Nosotros"},"content":{"rendered":"\t\t<div data-elementor-type=\"wp-page\" data-elementor-id=\"89\" class=\"elementor elementor-89\">\n\t\t\t\t<div class=\"elementor-element elementor-element-e967317 e-con-full e-flex wpr-particle-no wpr-jarallax-no wpr-parallax-no wpr-sticky-section-no e-con e-parent\" data-id=\"e967317\" data-element_type=\"container\">\n\t\t<div class=\"elementor-element elementor-element-0e226c9 e-con-full e-flex wpr-particle-no wpr-jarallax-no wpr-parallax-no wpr-sticky-section-no e-con e-child\" data-id=\"0e226c9\" data-element_type=\"container\">\n\t\t\t\t<div class=\"elementor-element elementor-element-3077474 elementor-widget elementor-widget-image\" data-id=\"3077474\" data-element_type=\"widget\" data-widget_type=\"image.default\">\n\t\t\t\t<div class=\"elementor-widget-container\">\n\t\t\t<style>\/*! elementor - v3.21.0 - 26-05-2024 *\/\n.elementor-widget-image{text-align:center}.elementor-widget-image a{display:inline-block}.elementor-widget-image a img[src$=\".svg\"]{width:48px}.elementor-widget-image img{vertical-align:middle;display:inline-block}<\/style>\t\t\t\t\t\t\t\t\t\t<img fetchpriority=\"high\" decoding=\"async\" width=\"1500\" height=\"1000\" src=\"https:\/\/smssaltillo.mx\/wp-content\/uploads\/2024\/07\/2820.webp\" class=\"attachment-full size-full wp-image-64\" alt=\"\" srcset=\"https:\/\/smssaltillo.mx\/wp-content\/uploads\/2024\/07\/2820.webp 1500w, https:\/\/smssaltillo.mx\/wp-content\/uploads\/2024\/07\/2820-300x200.webp 300w, https:\/\/smssaltillo.mx\/wp-content\/uploads\/2024\/07\/2820-1024x683.webp 1024w, https:\/\/smssaltillo.mx\/wp-content\/uploads\/2024\/07\/2820-768x512.webp 768w\" sizes=\"(max-width: 1500px) 100vw, 1500px\" \/>\t\t\t\t\t\t\t\t\t\t\t\t\t<\/div>\n\t\t\t\t<\/div>\n\t\t\t\t<\/div>\n\t\t<div class=\"elementor-element elementor-element-5494906 e-con-full e-flex wpr-particle-no wpr-jarallax-no wpr-parallax-no wpr-sticky-section-no e-con e-child\" data-id=\"5494906\" data-element_type=\"container\">\n\t\t\t\t<div class=\"elementor-element elementor-element-7198f74 elementor-widget elementor-widget-heading\" data-id=\"7198f74\" data-element_type=\"widget\" data-widget_type=\"heading.default\">\n\t\t\t\t<div class=\"elementor-widget-container\">\n\t\t\t<style>\/*! elementor - v3.21.0 - 26-05-2024 *\/\n.elementor-heading-title{padding:0;margin:0;line-height:1}.elementor-widget-heading .elementor-heading-title[class*=elementor-size-]>a{color:inherit;font-size:inherit;line-height:inherit}.elementor-widget-heading .elementor-heading-title.elementor-size-small{font-size:15px}.elementor-widget-heading .elementor-heading-title.elementor-size-medium{font-size:19px}.elementor-widget-heading .elementor-heading-title.elementor-size-large{font-size:29px}.elementor-widget-heading .elementor-heading-title.elementor-size-xl{font-size:39px}.elementor-widget-heading .elementor-heading-title.elementor-size-xxl{font-size:59px}<\/style><h2 class=\"elementor-heading-title elementor-size-default\">Mantenimiento y Servicio Comercial de Saltillo S.A. de C.V.<\/h2>\t\t<\/div>\n\t\t\t\t<\/div>\n\t\t<div class=\"elementor-element elementor-element-e937432 e-con-full e-flex wpr-particle-no wpr-jarallax-no wpr-parallax-no wpr-sticky-section-no e-con e-child\" data-id=\"e937432\" data-element_type=\"container\">\n\t\t<div class=\"elementor-element elementor-element-67436fd e-flex e-con-boxed wpr-particle-no wpr-jarallax-no wpr-parallax-no wpr-sticky-section-no e-con e-child\" data-id=\"67436fd\" data-element_type=\"container\" data-settings=\"{&quot;background_background&quot;:&quot;classic&quot;}\">\n\t\t\t\t\t<div class=\"e-con-inner\">\n\t\t\t\t<div class=\"elementor-element elementor-element-b9e45d0 elementor-widget elementor-widget-heading\" data-id=\"b9e45d0\" data-element_type=\"widget\" data-widget_type=\"heading.default\">\n\t\t\t\t<div class=\"elementor-widget-container\">\n\t\t\t<h2 class=\"elementor-heading-title elementor-size-default\">Misi\u00f3n<\/h2>\t\t<\/div>\n\t\t\t\t<\/div>\n\t\t\t\t<div class=\"elementor-element elementor-element-21bddf9 elementor-widget-divider--view-line elementor-widget elementor-widget-divider\" data-id=\"21bddf9\" data-element_type=\"widget\" data-widget_type=\"divider.default\">\n\t\t\t\t<div class=\"elementor-widget-container\">\n\t\t\t<style>\/*! elementor - v3.21.0 - 26-05-2024 *\/\n.elementor-widget-divider{--divider-border-style:none;--divider-border-width:1px;--divider-color:#0c0d0e;--divider-icon-size:20px;--divider-element-spacing:10px;--divider-pattern-height:24px;--divider-pattern-size:20px;--divider-pattern-url:none;--divider-pattern-repeat:repeat-x}.elementor-widget-divider .elementor-divider{display:flex}.elementor-widget-divider .elementor-divider__text{font-size:15px;line-height:1;max-width:95%}.elementor-widget-divider .elementor-divider__element{margin:0 var(--divider-element-spacing);flex-shrink:0}.elementor-widget-divider .elementor-icon{font-size:var(--divider-icon-size)}.elementor-widget-divider .elementor-divider-separator{display:flex;margin:0;direction:ltr}.elementor-widget-divider--view-line_icon .elementor-divider-separator,.elementor-widget-divider--view-line_text .elementor-divider-separator{align-items:center}.elementor-widget-divider--view-line_icon .elementor-divider-separator:after,.elementor-widget-divider--view-line_icon .elementor-divider-separator:before,.elementor-widget-divider--view-line_text .elementor-divider-separator:after,.elementor-widget-divider--view-line_text .elementor-divider-separator:before{display:block;content:\"\";border-block-end:0;flex-grow:1;border-block-start:var(--divider-border-width) var(--divider-border-style) var(--divider-color)}.elementor-widget-divider--element-align-left .elementor-divider .elementor-divider-separator>.elementor-divider__svg:first-of-type{flex-grow:0;flex-shrink:100}.elementor-widget-divider--element-align-left .elementor-divider-separator:before{content:none}.elementor-widget-divider--element-align-left .elementor-divider__element{margin-left:0}.elementor-widget-divider--element-align-right .elementor-divider .elementor-divider-separator>.elementor-divider__svg:last-of-type{flex-grow:0;flex-shrink:100}.elementor-widget-divider--element-align-right .elementor-divider-separator:after{content:none}.elementor-widget-divider--element-align-right .elementor-divider__element{margin-right:0}.elementor-widget-divider--element-align-start .elementor-divider .elementor-divider-separator>.elementor-divider__svg:first-of-type{flex-grow:0;flex-shrink:100}.elementor-widget-divider--element-align-start .elementor-divider-separator:before{content:none}.elementor-widget-divider--element-align-start .elementor-divider__element{margin-inline-start:0}.elementor-widget-divider--element-align-end .elementor-divider .elementor-divider-separator>.elementor-divider__svg:last-of-type{flex-grow:0;flex-shrink:100}.elementor-widget-divider--element-align-end .elementor-divider-separator:after{content:none}.elementor-widget-divider--element-align-end .elementor-divider__element{margin-inline-end:0}.elementor-widget-divider:not(.elementor-widget-divider--view-line_text):not(.elementor-widget-divider--view-line_icon) .elementor-divider-separator{border-block-start:var(--divider-border-width) var(--divider-border-style) var(--divider-color)}.elementor-widget-divider--separator-type-pattern{--divider-border-style:none}.elementor-widget-divider--separator-type-pattern.elementor-widget-divider--view-line .elementor-divider-separator,.elementor-widget-divider--separator-type-pattern:not(.elementor-widget-divider--view-line) .elementor-divider-separator:after,.elementor-widget-divider--separator-type-pattern:not(.elementor-widget-divider--view-line) .elementor-divider-separator:before,.elementor-widget-divider--separator-type-pattern:not([class*=elementor-widget-divider--view]) .elementor-divider-separator{width:100%;min-height:var(--divider-pattern-height);-webkit-mask-size:var(--divider-pattern-size) 100%;mask-size:var(--divider-pattern-size) 100%;-webkit-mask-repeat:var(--divider-pattern-repeat);mask-repeat:var(--divider-pattern-repeat);background-color:var(--divider-color);-webkit-mask-image:var(--divider-pattern-url);mask-image:var(--divider-pattern-url)}.elementor-widget-divider--no-spacing{--divider-pattern-size:auto}.elementor-widget-divider--bg-round{--divider-pattern-repeat:round}.rtl .elementor-widget-divider .elementor-divider__text{direction:rtl}.e-con-inner>.elementor-widget-divider,.e-con>.elementor-widget-divider{width:var(--container-widget-width,100%);--flex-grow:var(--container-widget-flex-grow)}<\/style>\t\t<div class=\"elementor-divider\">\n\t\t\t<span class=\"elementor-divider-separator\">\n\t\t\t\t\t\t<\/span>\n\t\t<\/div>\n\t\t\t\t<\/div>\n\t\t\t\t<\/div>\n\t\t\t\t<div class=\"elementor-element elementor-element-a5fb6fb elementor-widget elementor-widget-text-editor\" data-id=\"a5fb6fb\" data-element_type=\"widget\" data-widget_type=\"text-editor.default\">\n\t\t\t\t<div class=\"elementor-widget-container\">\n\t\t\t<style>\/*! elementor - v3.21.0 - 26-05-2024 *\/\n.elementor-widget-text-editor.elementor-drop-cap-view-stacked .elementor-drop-cap{background-color:#69727d;color:#fff}.elementor-widget-text-editor.elementor-drop-cap-view-framed .elementor-drop-cap{color:#69727d;border:3px solid;background-color:transparent}.elementor-widget-text-editor:not(.elementor-drop-cap-view-default) .elementor-drop-cap{margin-top:8px}.elementor-widget-text-editor:not(.elementor-drop-cap-view-default) .elementor-drop-cap-letter{width:1em;height:1em}.elementor-widget-text-editor .elementor-drop-cap{float:left;text-align:center;line-height:1;font-size:50px}.elementor-widget-text-editor .elementor-drop-cap-letter{display:inline-block}<\/style>\t\t\t\t<p><span style=\"font-size: 14px;\">Ser una empresa de alto prestigio en el mercado, destac\u00e1ndose en el desarrollo de sus proyectos con profesionalismo, compromiso y un alto est\u00e1ndar de calidad integral.<\/span><\/p>\t\t\t\t\t\t<\/div>\n\t\t\t\t<\/div>\n\t\t\t\t\t<\/div>\n\t\t\t\t<\/div>\n\t\t<div class=\"elementor-element elementor-element-f79eabd e-flex e-con-boxed wpr-particle-no wpr-jarallax-no wpr-parallax-no wpr-sticky-section-no e-con e-child\" data-id=\"f79eabd\" data-element_type=\"container\" data-settings=\"{&quot;background_background&quot;:&quot;classic&quot;}\">\n\t\t\t\t\t<div class=\"e-con-inner\">\n\t\t\t\t<div class=\"elementor-element elementor-element-fe22c09 elementor-widget elementor-widget-heading\" data-id=\"fe22c09\" data-element_type=\"widget\" data-widget_type=\"heading.default\">\n\t\t\t\t<div class=\"elementor-widget-container\">\n\t\t\t<h2 class=\"elementor-heading-title elementor-size-default\">Visi\u00f3n<\/h2>\t\t<\/div>\n\t\t\t\t<\/div>\n\t\t\t\t<div class=\"elementor-element elementor-element-d2bd456 elementor-widget-divider--view-line elementor-widget elementor-widget-divider\" data-id=\"d2bd456\" data-element_type=\"widget\" data-widget_type=\"divider.default\">\n\t\t\t\t<div class=\"elementor-widget-container\">\n\t\t\t\t\t<div class=\"elementor-divider\">\n\t\t\t<span class=\"elementor-divider-separator\">\n\t\t\t\t\t\t<\/span>\n\t\t<\/div>\n\t\t\t\t<\/div>\n\t\t\t\t<\/div>\n\t\t\t\t<div class=\"elementor-element elementor-element-92b4553 elementor-widget elementor-widget-text-editor\" data-id=\"92b4553\" data-element_type=\"widget\" data-widget_type=\"text-editor.default\">\n\t\t\t\t<div class=\"elementor-widget-container\">\n\t\t\t\t\t\t\t<p><span style=\"font-size: 14px;\">Ser una empresa en la industria, caracterizada por sus buenas practicas, profesionalismo y especializaci\u00f3n, aportando soluciones concretas a sus clientes basado en el compromiso y una relaci\u00f3n arm\u00f3nica en su entorno.<\/span><\/p>\t\t\t\t\t\t<\/div>\n\t\t\t\t<\/div>\n\t\t\t\t\t<\/div>\n\t\t\t\t<\/div>\n\t\t\t\t<\/div>\n\t\t<div class=\"elementor-element elementor-element-b14ff53 e-flex e-con-boxed wpr-particle-no wpr-jarallax-no wpr-parallax-no wpr-sticky-section-no e-con e-child\" data-id=\"b14ff53\" data-element_type=\"container\" data-settings=\"{&quot;background_background&quot;:&quot;classic&quot;}\">\n\t\t\t\t\t<div class=\"e-con-inner\">\n\t\t<div class=\"elementor-element elementor-element-bdfd9fe e-con-full e-flex wpr-particle-no wpr-jarallax-no wpr-parallax-no wpr-sticky-section-no e-con e-child\" data-id=\"bdfd9fe\" data-element_type=\"container\" data-settings=\"{&quot;background_background&quot;:&quot;classic&quot;}\">\n\t\t\t\t<div class=\"elementor-element elementor-element-b70c36c elementor-widget elementor-widget-heading\" data-id=\"b70c36c\" data-element_type=\"widget\" data-widget_type=\"heading.default\">\n\t\t\t\t<div class=\"elementor-widget-container\">\n\t\t\t<h2 class=\"elementor-heading-title elementor-size-default\">Valores<\/h2>\t\t<\/div>\n\t\t\t\t<\/div>\n\t\t\t\t<div class=\"elementor-element elementor-element-4fb1a18 elementor-widget-divider--view-line elementor-widget elementor-widget-divider\" data-id=\"4fb1a18\" data-element_type=\"widget\" data-widget_type=\"divider.default\">\n\t\t\t\t<div class=\"elementor-widget-container\">\n\t\t\t\t\t<div class=\"elementor-divider\">\n\t\t\t<span class=\"elementor-divider-separator\">\n\t\t\t\t\t\t<\/span>\n\t\t<\/div>\n\t\t\t\t<\/div>\n\t\t\t\t<\/div>\n\t\t\t\t<div class=\"elementor-element elementor-element-e945424 elementor-widget elementor-widget-text-editor\" data-id=\"e945424\" data-element_type=\"widget\" data-widget_type=\"text-editor.default\">\n\t\t\t\t<div class=\"elementor-widget-container\">\n\t\t\t\t\t\t\t<ul><li><span style=\"font-size: 14px;\">Logro<\/span><\/li><li><span style=\"font-size: 14px;\">Rentabilidad<\/span><\/li><li><span style=\"font-size: 14px;\">Confianza calidad<\/span><\/li><li><span style=\"font-size: 14px;\">Cambio<\/span><\/li><li><span style=\"font-size: 14px;\">Alianzas estrat\u00e9gicas<\/span><\/li><li><span style=\"font-size: 14px;\">Responsabilidad social<\/span><\/li><\/ul>\t\t\t\t\t\t<\/div>\n\t\t\t\t<\/div>\n\t\t\t\t<\/div>\n\t\t\t\t\t<\/div>\n\t\t\t\t<\/div>\n\t\t\t\t<\/div>\n\t\t\t\t<\/div>\n\t\t<div class=\"elementor-element elementor-element-e0ad70d e-con-full e-flex wpr-particle-no wpr-jarallax-no wpr-parallax-no wpr-sticky-section-no e-con e-parent\" data-id=\"e0ad70d\" data-element_type=\"container\" data-settings=\"{&quot;background_background&quot;:&quot;classic&quot;}\">\n\t\t\t\t<div class=\"elementor-element elementor-element-fa2367a elementor-widget__width-inherit wpr-promo-box-style-cover elementor-widget elementor-widget-wpr-promo-box\" data-id=\"fa2367a\" data-element_type=\"widget\" data-widget_type=\"wpr-promo-box.default\">\n\t\t\t\t<div class=\"elementor-widget-container\">\n\t\t\t\n\t\t<div class=\"wpr-promo-box wpr-animation-wrap\">\n\n\t\t\t\t\t\t\t\n\t\t\t\t\t\t\t<div class=\"wpr-promo-box-image\">\n\t\t\t\t\t<div class=\"wpr-promo-box-bg-image wpr-bg-anim-zoom-in wpr-anim-timing-ease-default\" style=\"background-image:url(https:\/\/smssaltillo.mx\/wp-content\/uploads\/2024\/07\/placeholder.png);\"><\/div>\n\t\t\t\t\t<div class=\"wpr-promo-box-bg-overlay wpr-border-anim-oscar\"><\/div>\n\t\t\t\t<\/div>\n\t\t\t\t\t\t\n\t\t\t<div class=\"wpr-promo-box-content\">\n\n\t\t\t\t\t\t\t\t<div class=\"wpr-promo-box-icon\">\n\t\t\t\t\t\t\t\t\t<\/div>\n\t\t\t\t\n\t\t\t\t<h3 class=\"wpr-promo-box-title\"><span>Cont\u00e1ctanos<\/span><\/h3>\n\t\t\t\t\t\t\t\t\t<div class=\"wpr-promo-box-description\">\n\t\t\t\t\t\t<p><p>ING. Victor Robledo<\/p><p>Tel. 844 273 7728<\/p><p>\u00a0<\/p><p>Email:<\/p><p>Soporte.victor.robledo@gmail.com<\/p><p>Victor.robledo@smssaltillo.mx<\/p><p>\u00a0<\/p><p>Domicilio:<\/p><p>PASEO DEL CORTIJO #860 LOMAS DE LOURDES<\/p><p>C.P. 25090, SALTILLO, COAHUILA.<\/p><\/p>\t\n\t\t\t\t\t<\/div>\t\t\t\t\t\t\n\t\t\t\t\n\t\t\t\t\t\t\t\t\t<div class=\"wpr-promo-box-btn-wrap\">\n\t\t\t\t\t\t<a class=\"wpr-promo-box-btn\" href=\"https:\/\/wa.me\/8442737728\" target=\"_blank\">\n\n\t\t\t\t\t\t\t\t\t\t\t\t\t\t<span class=\"wpr-promo-box-btn-text\">CONTACTO<\/span>\t\t\n\t\t\t\t\t\t\t\n\t\t\t\t\t\t\t\t\t\t\t\t\t<\/a>\n\t\t\t\t\t<\/div>\t\n\t\t\t\t\t\t\t<\/div>\n\n\t\t\t\t\t<\/div>\n\n\t\t\t\t<\/div>\n\t\t\t\t<\/div>\n\t\t\t\t<\/div>\n\t\t\t\t<\/div>\n\t\t","protected":false},"excerpt":{"rendered":"<p>Mantenimiento y Servicio Comercial de Saltillo S.A. de C.V. Misi\u00f3n Ser una empresa de alto prestigio en el mercado, destac\u00e1ndose en el desarrollo de sus proyectos con profesionalismo, compromiso y un alto est\u00e1ndar de calidad integral. Visi\u00f3n Ser una empresa en la industria, caracterizada por sus buenas practicas, profesionalismo y especializaci\u00f3n, aportando soluciones concretas a sus clientes basado en el compromiso y una relaci\u00f3n arm\u00f3nica en su entorno. Valores Logro Rentabilidad Confianza calidad Cambio Alianzas estrat\u00e9gicas Responsabilidad social Cont\u00e1ctanos ING. Victor Robledo Tel. 844 273 7728 \u00a0 Email: Soporte.victor.robledo@gmail.com Victor.robledo@smssaltillo.mx \u00a0 Domicilio: PASEO DEL CORTIJO #860 LOMAS DE LOURDES C.P. 25090, SALTILLO, COAHUILA. CONTACTO<\/p>\n","protected":false},"author":1,"featured_media":61,"parent":0,"menu_order":0,"comment_status":"closed","ping_status":"closed","template":"elementor_header_footer","meta":{"footnotes":""},"class_list":["post-89","page","type-page","status-publish","has-post-thumbnail","hentry","entry","has-media"],"yoast_head":"<!-- This site is optimized with the Yoast SEO plugin v23.0 - https:\/\/yoast.com\/wordpress\/plugins\/seo\/ -->\n<title>Nosotros - Mantenimiento y Servicio Comercial de Saltillo<\/title>\n<meta name=\"description\" content=\"Nosotros - Mantenimiento y Servicio Comercial de Saltillo S.A. de C.V. Escr\u00edbenos para mas informaci\u00f3n o dudas.Tel. 844 273 7728.\" \/>\n<meta name=\"robots\" content=\"index, follow, max-snippet:-1, max-image-preview:large, max-video-preview:-1\" \/>\n<link rel=\"canonical\" href=\"https:\/\/smssaltillo.mx\/index.php\/nosotros\/\" \/>\n<meta property=\"og:locale\" content=\"es_ES\" \/>\n<meta property=\"og:type\" content=\"article\" \/>\n<meta property=\"og:title\" content=\"Nosotros - Mantenimiento y Servicio Comercial de Saltillo\" \/>\n<meta property=\"og:description\" content=\"Escr\u00edbenos para mas informaci\u00f3n o dudas.Tel. 844 273 7728\" \/>\n<meta property=\"og:url\" content=\"https:\/\/smssaltillo.mx\/index.php\/nosotros\/\" \/>\n<meta property=\"og:site_name\" content=\"Mantenimiento y Servicio Comercial de Saltillo\" \/>\n<meta property=\"article:modified_time\" content=\"2024-08-02T18:37:41+00:00\" \/>\n<meta property=\"og:image\" content=\"https:\/\/smssaltillo.mx\/wp-content\/uploads\/2024\/07\/construccion.jpg\" \/>\n\t<meta property=\"og:image:width\" content=\"900\" \/>\n\t<meta property=\"og:image:height\" content=\"601\" \/>\n\t<meta property=\"og:image:type\" content=\"image\/jpeg\" \/>\n<meta name=\"twitter:card\" content=\"summary_large_image\" \/>\n<meta name=\"twitter:title\" content=\"Nosotros - Mantenimiento y Servicio Comercial de Saltillo\" \/>\n<meta name=\"twitter:description\" content=\"Escr\u00edbenos para mas informaci\u00f3n o dudas.Tel. 844 273 7728\" \/>\n<meta name=\"twitter:image\" content=\"https:\/\/smssaltillo.mx\/wp-content\/uploads\/2024\/07\/construccion.jpg\" \/>\n<meta name=\"twitter:label1\" content=\"Tiempo de lectura\" \/>\n\t<meta name=\"twitter:data1\" content=\"1 minuto\" \/>\n<script type=\"application\/ld+json\" class=\"yoast-schema-graph\">{\"@context\":\"https:\/\/schema.org\",\"@graph\":[{\"@type\":\"WebPage\",\"@id\":\"https:\/\/smssaltillo.mx\/index.php\/nosotros\/\",\"url\":\"https:\/\/smssaltillo.mx\/index.php\/nosotros\/\",\"name\":\"Nosotros - Mantenimiento y Servicio Comercial de Saltillo\",\"isPartOf\":{\"@id\":\"https:\/\/smssaltillo.mx\/#website\"},\"primaryImageOfPage\":{\"@id\":\"https:\/\/smssaltillo.mx\/index.php\/nosotros\/#primaryimage\"},\"image\":{\"@id\":\"https:\/\/smssaltillo.mx\/index.php\/nosotros\/#primaryimage\"},\"thumbnailUrl\":\"https:\/\/smssaltillo.mx\/wp-content\/uploads\/2024\/07\/construccion.jpg\",\"datePublished\":\"2024-07-19T17:01:58+00:00\",\"dateModified\":\"2024-08-02T18:37:41+00:00\",\"description\":\"Nosotros - Mantenimiento y Servicio Comercial de Saltillo S.A. de C.V. Escr\u00edbenos para mas informaci\u00f3n o dudas.Tel. 844 273 7728.\",\"breadcrumb\":{\"@id\":\"https:\/\/smssaltillo.mx\/index.php\/nosotros\/#breadcrumb\"},\"inLanguage\":\"es\",\"potentialAction\":[{\"@type\":\"ReadAction\",\"target\":[\"https:\/\/smssaltillo.mx\/index.php\/nosotros\/\"]}]},{\"@type\":\"ImageObject\",\"inLanguage\":\"es\",\"@id\":\"https:\/\/smssaltillo.mx\/index.php\/nosotros\/#primaryimage\",\"url\":\"https:\/\/smssaltillo.mx\/wp-content\/uploads\/2024\/07\/construccion.jpg\",\"contentUrl\":\"https:\/\/smssaltillo.mx\/wp-content\/uploads\/2024\/07\/construccion.jpg\",\"width\":900,\"height\":601},{\"@type\":\"BreadcrumbList\",\"@id\":\"https:\/\/smssaltillo.mx\/index.php\/nosotros\/#breadcrumb\",\"itemListElement\":[{\"@type\":\"ListItem\",\"position\":1,\"name\":\"Portada\",\"item\":\"https:\/\/smssaltillo.mx\/\"},{\"@type\":\"ListItem\",\"position\":2,\"name\":\"Nosotros\"}]},{\"@type\":\"WebSite\",\"@id\":\"https:\/\/smssaltillo.mx\/#website\",\"url\":\"https:\/\/smssaltillo.mx\/\",\"name\":\"Mantenimiento y Servicio Comercial de Saltillo\",\"description\":\"\",\"publisher\":{\"@id\":\"https:\/\/smssaltillo.mx\/#organization\"},\"potentialAction\":[{\"@type\":\"SearchAction\",\"target\":{\"@type\":\"EntryPoint\",\"urlTemplate\":\"https:\/\/smssaltillo.mx\/?s={search_term_string}\"},\"query-input\":\"required name=search_term_string\"}],\"inLanguage\":\"es\"},{\"@type\":\"Organization\",\"@id\":\"https:\/\/smssaltillo.mx\/#organization\",\"name\":\"Mantenimiento y Servicio Comercial de Saltillo\",\"url\":\"https:\/\/smssaltillo.mx\/\",\"logo\":{\"@type\":\"ImageObject\",\"inLanguage\":\"es\",\"@id\":\"https:\/\/smssaltillo.mx\/#\/schema\/logo\/image\/\",\"url\":\"https:\/\/smssaltillo.mx\/wp-content\/uploads\/2024\/07\/SMS-Logo-blanco.png\",\"contentUrl\":\"https:\/\/smssaltillo.mx\/wp-content\/uploads\/2024\/07\/SMS-Logo-blanco.png\",\"width\":1080,\"height\":1080,\"caption\":\"Mantenimiento y Servicio Comercial de Saltillo\"},\"image\":{\"@id\":\"https:\/\/smssaltillo.mx\/#\/schema\/logo\/image\/\"}}]}<\/script>\n<!-- \/ Yoast SEO plugin. -->","yoast_head_json":{"title":"Nosotros - Mantenimiento y Servicio Comercial de Saltillo","description":"Nosotros - Mantenimiento y Servicio Comercial de Saltillo S.A. de C.V. Escr\u00edbenos para mas informaci\u00f3n o dudas.Tel. 844 273 7728.","robots":{"index":"index","follow":"follow","max-snippet":"max-snippet:-1","max-image-preview":"max-image-preview:large","max-video-preview":"max-video-preview:-1"},"canonical":"https:\/\/smssaltillo.mx\/index.php\/nosotros\/","og_locale":"es_ES","og_type":"article","og_title":"Nosotros - Mantenimiento y Servicio Comercial de Saltillo","og_description":"Escr\u00edbenos para mas informaci\u00f3n o dudas.Tel. 844 273 7728","og_url":"https:\/\/smssaltillo.mx\/index.php\/nosotros\/","og_site_name":"Mantenimiento y Servicio Comercial de Saltillo","article_modified_time":"2024-08-02T18:37:41+00:00","og_image":[{"width":900,"height":601,"url":"https:\/\/smssaltillo.mx\/wp-content\/uploads\/2024\/07\/construccion.jpg","type":"image\/jpeg"}],"twitter_card":"summary_large_image","twitter_title":"Nosotros - Mantenimiento y Servicio Comercial de Saltillo","twitter_description":"Escr\u00edbenos para mas informaci\u00f3n o dudas.Tel. 844 273 7728","twitter_image":"https:\/\/smssaltillo.mx\/wp-content\/uploads\/2024\/07\/construccion.jpg","twitter_misc":{"Tiempo de lectura":"1 minuto"},"schema":{"@context":"https:\/\/schema.org","@graph":[{"@type":"WebPage","@id":"https:\/\/smssaltillo.mx\/index.php\/nosotros\/","url":"https:\/\/smssaltillo.mx\/index.php\/nosotros\/","name":"Nosotros - Mantenimiento y Servicio Comercial de Saltillo","isPartOf":{"@id":"https:\/\/smssaltillo.mx\/#website"},"primaryImageOfPage":{"@id":"https:\/\/smssaltillo.mx\/index.php\/nosotros\/#primaryimage"},"image":{"@id":"https:\/\/smssaltillo.mx\/index.php\/nosotros\/#primaryimage"},"thumbnailUrl":"https:\/\/smssaltillo.mx\/wp-content\/uploads\/2024\/07\/construccion.jpg","datePublished":"2024-07-19T17:01:58+00:00","dateModified":"2024-08-02T18:37:41+00:00","description":"Nosotros - Mantenimiento y Servicio Comercial de Saltillo S.A. de C.V. Escr\u00edbenos para mas informaci\u00f3n o dudas.Tel. 844 273 7728.","breadcrumb":{"@id":"https:\/\/smssaltillo.mx\/index.php\/nosotros\/#breadcrumb"},"inLanguage":"es","potentialAction":[{"@type":"ReadAction","target":["https:\/\/smssaltillo.mx\/index.php\/nosotros\/"]}]},{"@type":"ImageObject","inLanguage":"es","@id":"https:\/\/smssaltillo.mx\/index.php\/nosotros\/#primaryimage","url":"https:\/\/smssaltillo.mx\/wp-content\/uploads\/2024\/07\/construccion.jpg","contentUrl":"https:\/\/smssaltillo.mx\/wp-content\/uploads\/2024\/07\/construccion.jpg","width":900,"height":601},{"@type":"BreadcrumbList","@id":"https:\/\/smssaltillo.mx\/index.php\/nosotros\/#breadcrumb","itemListElement":[{"@type":"ListItem","position":1,"name":"Portada","item":"https:\/\/smssaltillo.mx\/"},{"@type":"ListItem","position":2,"name":"Nosotros"}]},{"@type":"WebSite","@id":"https:\/\/smssaltillo.mx\/#website","url":"https:\/\/smssaltillo.mx\/","name":"Mantenimiento y Servicio Comercial de Saltillo","description":"","publisher":{"@id":"https:\/\/smssaltillo.mx\/#organization"},"potentialAction":[{"@type":"SearchAction","target":{"@type":"EntryPoint","urlTemplate":"https:\/\/smssaltillo.mx\/?s={search_term_string}"},"query-input":"required name=search_term_string"}],"inLanguage":"es"},{"@type":"Organization","@id":"https:\/\/smssaltillo.mx\/#organization","name":"Mantenimiento y Servicio Comercial de Saltillo","url":"https:\/\/smssaltillo.mx\/","logo":{"@type":"ImageObject","inLanguage":"es","@id":"https:\/\/smssaltillo.mx\/#\/schema\/logo\/image\/","url":"https:\/\/smssaltillo.mx\/wp-content\/uploads\/2024\/07\/SMS-Logo-blanco.png","contentUrl":"https:\/\/smssaltillo.mx\/wp-content\/uploads\/2024\/07\/SMS-Logo-blanco.png","width":1080,"height":1080,"caption":"Mantenimiento y Servicio Comercial de Saltillo"},"image":{"@id":"https:\/\/smssaltillo.mx\/#\/schema\/logo\/image\/"}}]}},"_links":{"self":[{"href":"https:\/\/smssaltillo.mx\/index.php\/wp-json\/wp\/v2\/pages\/89","targetHints":{"allow":["GET"]}}],"collection":[{"href":"https:\/\/smssaltillo.mx\/index.php\/wp-json\/wp\/v2\/pages"}],"about":[{"href":"https:\/\/smssaltillo.mx\/index.php\/wp-json\/wp\/v2\/types\/page"}],"author":[{"embeddable":true,"href":"https:\/\/smssaltillo.mx\/index.php\/wp-json\/wp\/v2\/users\/1"}],"replies":[{"embeddable":true,"href":"https:\/\/smssaltillo.mx\/index.php\/wp-json\/wp\/v2\/comments?post=89"}],"version-history":[{"count":49,"href":"https:\/\/smssaltillo.mx\/index.php\/wp-json\/wp\/v2\/pages\/89\/revisions"}],"predecessor-version":[{"id":189,"href":"https:\/\/smssaltillo.mx\/index.php\/wp-json\/wp\/v2\/pages\/89\/revisions\/189"}],"wp:featuredmedia":[{"embeddable":true,"href":"https:\/\/smssaltillo.mx\/index.php\/wp-json\/wp\/v2\/media\/61"}],"wp:attachment":[{"href":"https:\/\/smssaltillo.mx\/index.php\/wp-json\/wp\/v2\/media?parent=89"}],"curies":[{"name":"wp","href":"https:\/\/api.w.org\/{rel}","templated":true}]}}